{"id":15,"date":"2015-11-14T20:57:27","date_gmt":"2015-11-14T20:57:27","guid":{"rendered":"http:\/\/www.juniipetrileni.ro\/?page_id=15"},"modified":"2015-11-14T20:57:27","modified_gmt":"2015-11-14T20:57:27","slug":"despre-noi","status":"publish","type":"page","link":"https:\/\/www.juniipetrileni.ro\/index.php\/despre-noi\/","title":{"rendered":"Despre noi"},"content":{"rendered":"<p>ANSAMBLUL FOLCLORIC JUNII PETRILENI<\/p>\n<p>Ansamblul Folcloric Junii Petrileni s-a \u00eenfiin\u0163at \u00een anul 2010 ca o expresie a dorin\u0163ei de a p\u0103stra cu sfin\u0163enie tradi\u0163iile \u015fi obiceiurile mom\u00e2rlanilor din Valea Jiului.<\/p>\n<p>Am plecat la drum mai mul\u0163i mom\u00e2rlani cu g\u00e2ndul de a duce mai departe tradi\u0163ia din aceast\u0103 zon\u0103 frumoas\u0103, dar nefiind ajuta\u0163i \u015fi sprijini\u0163i mul\u0163i dintr ei au renun\u0163at \u015fi am tot pierdut r\u00e2nd pe r\u00e2nd c\u00e2te unul dintre cei cu care am plecat la drum, r\u0103m\u00e2n\u00e2nd doar cu Constantin Cigm\u0103ian, \u00eempreun\u0103 cu familia \u015fi \u00eenc\u0103 c\u00e2\u0163iva membrii s\u0103 ducem cu drag mai departe tradi\u0163ia \u015fi portul.<\/p>\n<p>Fiind coordonatorul \u015fi membrul fondator al acestui ansamblu, eu Constantin Cigm\u0103ian, am cules de la b\u0103tr\u00e2nii satelor jocurile b\u0103tr\u00e2ne\u015fti, strig\u0103turi, \u00eenv\u00e2rtita aredeleneasc\u0103, jiana, hor\u0103 pe st\u00e2nga, \u00eencerc\u00e2nd s\u0103 continu\u0103m tradi\u0163ia \u015fi s\u0103 p\u0103str\u0103m nota de autenticitate.<\/p>\n<p>Ni s-a al\u0103turat \u015fi Lucre\u0163ia C\u0103tinean \u015fi Gheorghe Cigm\u0103ian care \u015ftiau ce \u00eenseamn\u0103 jocul \u015fi tradi\u0163ia din zona V\u0103ii Jiului, cu ani \u00een urm\u0103 au urcat \u015fi ei pe scenele \u0163\u0103rii. Ei ne-au \u00eenzestrat s\u0103 ducem noi mai departe, la fel \u015fi noi la r\u00e2ndul nostru s\u0103 transmitem mai departe copiilor no\u015ftri tradi\u0163ia \u015fi portul popular.<\/p>\n<p>Junii petrileni sunt ast\u0103zi o veritabil\u0103 carte de vizit\u0103 a V\u0103ii Jiului, \u00een repertoriul ansamblului se reg\u0103sesc jocurile populare, jiana, mom\u00e2rl\u0103neasca \u015fi b\u0103tr\u00e2neasca pe fluier, precum \u015fi c\u00e2ntecele jiene\u015fti precum \u015fi fluierul care au ocupat un loc aparte \u00een via\u0163a spiritual\u0103 a mom\u00e2rlanilor jieni. Acestea\u00a0 au fost p\u0103strate cu grij\u0103 \u00een lada de zestre de peste 70 de ani.<\/p>\n<p>\u00cen componen\u0163a ansamblului se g\u0103sesc echipe de dansatori (mari \u015fi mici), soli\u015fti vocali, fluiera\u015fi \u015fi instrumenti\u015fti.<\/p>\n<p>Ansamblul Junii Petrileni a participat la mai multe festivaluri de renume din \u0163ar\u0103, dintre cele din mai recente amintim:<\/p>\n<ul>\n<li>Festivalul \u201eTezaur Hunedorean\u201d<\/li>\n<li>Festivalul \u201eOierilor Tili\u015fca\u201d Sibiu<\/li>\n<li>Festivalul \u201eUrcatul oilor la munte\u201d (Novaci)<\/li>\n<li>Festivalul \u201eSus pe muntele din Jina\u201d (Sibiu)<\/li>\n<li>Festivalul Mermezeu-V\u0103idani (Geoagiu) cu prezentare de produse tradi\u0163ionale<\/li>\n<li>Festivalul Folcloric \u201eTransalpina\u201d (Novaci- &#8211; Gorj)<\/li>\n<li>Festivalul Concurs Na\u0163ional Arad<\/li>\n<\/ul>\n<p>Apari\u0163ii la posturile de televiziune:<\/p>\n<ul>\n<li>ETNO TV, FAVORIT, INEDIT TV, HORA TV, NA\u015eU TV, ANTENA 1 \u2013 Acces Direct, DEVA TV, precum \u015fi posturile locale KTV, TV Par\u00e2ng, Mondo TV.<\/li>\n<\/ul>\n<p>&nbsp;<\/p>\n","protected":false},"excerpt":{"rendered":"<p>ANSAMBLUL FOLCLORIC JUNII PETRILENI Ansamblul Folcloric Junii Petrileni s-a \u00eenfiin\u0163at \u00een anul 2010 ca o expresie a dorin\u0163ei de a p\u0103stra cu sfin\u0163enie tradi\u0163iile \u015fi obiceiurile mom\u00e2rlanilor din Valea Jiului. Am plecat la drum mai mul\u0163i mom\u00e2rlani cu g\u00e2ndul de a duce mai departe tradi\u0163ia din aceast\u0103 zon\u0103 frumoas\u0103, dar\u2026<\/p>\n<p class=\"continue-reading-button\"> <a class=\"continue-reading-link\" href=\"https:\/\/www.juniipetrileni.ro\/index.php\/despre-noi\/\">Continue reading<i class=\"crycon-right-dir\"><\/i><\/a><\/p>\n","protected":false},"author":1,"featured_media":0,"parent":0,"menu_order":0,"comment_status":"closed","ping_status":"closed","template":"","meta":{"jetpack_post_was_ever_published":false},"jetpack_sharing_enabled":true,"jetpack_shortlink":"https:\/\/wp.me\/P6HViz-f","_links":{"self":[{"href":"https:\/\/www.juniipetrileni.ro\/index.php\/wp-json\/wp\/v2\/pages\/15"}],"collection":[{"href":"https:\/\/www.juniipetrileni.ro\/index.php\/wp-json\/wp\/v2\/pages"}],"about":[{"href":"https:\/\/www.juniipetrileni.ro\/index.php\/wp-json\/wp\/v2\/types\/page"}],"author":[{"embeddable":true,"href":"https:\/\/www.juniipetrileni.ro\/index.php\/wp-json\/wp\/v2\/users\/1"}],"replies":[{"embeddable":true,"href":"https:\/\/www.juniipetrileni.ro\/index.php\/wp-json\/wp\/v2\/comments?post=15"}],"version-history":[{"count":2,"href":"https:\/\/www.juniipetrileni.ro\/index.php\/wp-json\/wp\/v2\/pages\/15\/revisions"}],"predecessor-version":[{"id":31,"href":"https:\/\/www.juniipetrileni.ro\/index.php\/wp-json\/wp\/v2\/pages\/15\/revisions\/31"}],"wp:attachment":[{"href":"https:\/\/www.juniipetrileni.ro\/index.php\/wp-json\/wp\/v2\/media?parent=15"}],"curies":[{"name":"wp","href":"https:\/\/api.w.org\/{rel}","templated":true}]}}